{"id":140,"date":"2025-10-23T09:26:05","date_gmt":"2025-10-23T09:26:05","guid":{"rendered":"https:\/\/luzaia.fr\/?page_id=140"},"modified":"2025-10-27T09:48:46","modified_gmt":"2025-10-27T09:48:46","slug":"qui-suis-je","status":"publish","type":"page","link":"https:\/\/luzaia.fr\/?page_id=140","title":{"rendered":"QUI SUIS-JE ?"},"content":{"rendered":"<p>[et_pb_section fb_built=\u00a0\u00bb1&Prime; _builder_version=\u00a0\u00bb4.27.4&Prime; _module_preset=\u00a0\u00bbdefault\u00a0\u00bb background_color=\u00a0\u00bb#e7d7c0&Prime; global_colors_info=\u00a0\u00bb{}\u00a0\u00bb][et_pb_row _builder_version=\u00a0\u00bb4.27.4&Prime; _module_preset=\u00a0\u00bbdefault\u00a0\u00bb width=\u00a0\u00bb100%\u00a0\u00bb module_alignment=\u00a0\u00bbcenter\u00a0\u00bb global_colors_info=\u00a0\u00bb{}\u00a0\u00bb][et_pb_column type=\u00a0\u00bb4_4&Prime; _builder_version=\u00a0\u00bb4.27.4&Prime; _module_preset=\u00a0\u00bbdefault\u00a0\u00bb global_colors_info=\u00a0\u00bb{}\u00a0\u00bb][et_pb_text _builder_version=\u00a0\u00bb4.27.4&Prime; _module_preset=\u00a0\u00bbdefault\u00a0\u00bb text_font=\u00a0\u00bbLustria|700|||||||\u00a0\u00bb text_text_color=\u00a0\u00bb#5d151c\u00a0\u00bb text_font_size=\u00a0\u00bb50px\u00a0\u00bb text_orientation=\u00a0\u00bbcenter\u00a0\u00bb text_font_size_tablet=\u00a0\u00bb50px\u00a0\u00bb text_font_size_phone=\u00a0\u00bb45px\u00a0\u00bb text_font_size_last_edited=\u00a0\u00bbon|desktop\u00a0\u00bb global_colors_info=\u00a0\u00bb{}\u00a0\u00bb]<\/p>\n<p>QUI SUIS-JE ?<\/p>\n<p>[\/et_pb_text][\/et_pb_column][\/et_pb_row][et_pb_row _builder_version=\u00a0\u00bb4.27.4&Prime; _module_preset=\u00a0\u00bbdefault\u00a0\u00bb global_colors_info=\u00a0\u00bb{}\u00a0\u00bb][et_pb_column type=\u00a0\u00bb4_4&Prime; _builder_version=\u00a0\u00bb4.27.4&Prime; _module_preset=\u00a0\u00bbdefault\u00a0\u00bb global_colors_info=\u00a0\u00bb{}\u00a0\u00bb][et_pb_image src=\u00a0\u00bbhttps:\/\/luzaia.fr\/wp-content\/uploads\/2025\/10\/FZ4A2159-Modifier-scaled.jpg\u00a0\u00bb title_text=\u00a0\u00bbFZ4A2159-Modifier\u00a0\u00bb align=\u00a0\u00bbcenter\u00a0\u00bb _builder_version=\u00a0\u00bb4.27.4&Prime; _module_preset=\u00a0\u00bbdefault\u00a0\u00bb width_tablet=\u00a0\u00bb\u00a0\u00bb width_phone=\u00a0\u00bb\u00a0\u00bb width_last_edited=\u00a0\u00bbon|phone\u00a0\u00bb hover_enabled=\u00a0\u00bb0&Prime; box_shadow_style=\u00a0\u00bbpreset2&Prime; global_colors_info=\u00a0\u00bb{}\u00a0\u00bb sticky_enabled=\u00a0\u00bb0&Prime; width=\u00a0\u00bb90%\u00a0\u00bb][\/et_pb_image][et_pb_text _builder_version=\u00a0\u00bb4.27.4&Prime; _module_preset=\u00a0\u00bbdefault\u00a0\u00bb text_font=\u00a0\u00bbLustria||||||||\u00a0\u00bb text_text_color=\u00a0\u00bb#000000&Prime; text_font_size=\u00a0\u00bb17px\u00a0\u00bb text_orientation=\u00a0\u00bbjustified\u00a0\u00bb custom_margin=\u00a0\u00bb50px||||false|false\u00a0\u00bb text_font_size_tablet=\u00a0\u00bb17px\u00a0\u00bb text_font_size_phone=\u00a0\u00bb15px\u00a0\u00bb text_font_size_last_edited=\u00a0\u00bbon|desktop\u00a0\u00bb global_colors_info=\u00a0\u00bb{}\u00a0\u00bb]<\/p>\n<p>Marjorie, Gemmologue de formation, amoureuse des Arts et d&rsquo;une nature solaire et cr\u00e9ative.<\/p>\n<p>J&rsquo;ai suivi un double cursus de Droit et d&rsquo;Histoire de l&rsquo;Art \u00e0 Aix-en-Provence. C&rsquo;est en 2009, que j&rsquo;entre pour la premi\u00e8re fois dans une boutique de cr\u00e9ateurs de bijoux. De retour sur les bancs de la fac de Droit, j&rsquo;ai alors cette furieuse envie de m\u00ealer mes \u00e9tudes de Droit avec l&rsquo;Art.<\/p>\n<p>En 2014 je suis dipl\u00f4m\u00e9e de Gemmologie et m\u00e9taux pr\u00e9cieux par l&rsquo;Institut National de Gemmologie de Paris, puis en 2015 du HRD d&rsquo;Anvers pour l&rsquo;\u00e9valuation des diamants taill\u00e9s.<\/p>\n<p>La passion, le travail et la chance me conduiront \u00e0 Londres, Gen\u00e8ve, Monaco et Nice, pour vivre de merveilleuses aventures dans le monde des maisons de ventes aux ench\u00e8res, de la bijouterie et haute-joaillerie et m\u00eame de l&rsquo;horlogerie de luxe.<\/p>\n<p>Un cursus, une exp\u00e9rience et un savoir faire mis au service de mes cr\u00e9ations.<\/p>\n<p>[\/et_pb_text][\/et_pb_column][\/et_pb_row][\/et_pb_section]<\/p>\n","protected":false},"excerpt":{"rendered":"<p>QUI SUIS-JE ?Marjorie, Gemmologue de formation, amoureuse des Arts et d&rsquo;une nature solaire et cr\u00e9ative. J&rsquo;ai suivi un double cursus de Droit et d&rsquo;Histoire de l&rsquo;Art \u00e0 Aix-en-Provence. C&rsquo;est en 2009, que j&rsquo;entre pour la premi\u00e8re fois dans une boutique de cr\u00e9ateurs de bijoux. De retour sur les bancs de la fac de Droit, j&rsquo;ai [&hellip;]<\/p>\n","protected":false},"author":1,"featured_media":0,"parent":0,"menu_order":0,"comment_status":"closed","ping_status":"closed","template":"","meta":{"_et_pb_use_builder":"on","_et_pb_old_content":"","_et_gb_content_width":"","footnotes":""},"class_list":["post-140","page","type-page","status-publish","hentry"],"_links":{"self":[{"href":"https:\/\/luzaia.fr\/index.php?rest_route=\/wp\/v2\/pages\/140","targetHints":{"allow":["GET"]}}],"collection":[{"href":"https:\/\/luzaia.fr\/index.php?rest_route=\/wp\/v2\/pages"}],"about":[{"href":"https:\/\/luzaia.fr\/index.php?rest_route=\/wp\/v2\/types\/page"}],"author":[{"embeddable":true,"href":"https:\/\/luzaia.fr\/index.php?rest_route=\/wp\/v2\/users\/1"}],"replies":[{"embeddable":true,"href":"https:\/\/luzaia.fr\/index.php?rest_route=%2Fwp%2Fv2%2Fcomments&post=140"}],"version-history":[{"count":5,"href":"https:\/\/luzaia.fr\/index.php?rest_route=\/wp\/v2\/pages\/140\/revisions"}],"predecessor-version":[{"id":279,"href":"https:\/\/luzaia.fr\/index.php?rest_route=\/wp\/v2\/pages\/140\/revisions\/279"}],"wp:attachment":[{"href":"https:\/\/luzaia.fr\/index.php?rest_route=%2Fwp%2Fv2%2Fmedia&parent=140"}],"curies":[{"name":"wp","href":"https:\/\/api.w.org\/{rel}","templated":true}]}}