{"id":439,"date":"2026-02-23T10:57:22","date_gmt":"2026-02-23T10:57:22","guid":{"rendered":"https:\/\/luzaia.fr\/?page_id=439"},"modified":"2026-03-08T17:14:45","modified_gmt":"2026-03-08T17:14:45","slug":"mentions-legales-et-credits","status":"publish","type":"page","link":"https:\/\/luzaia.fr\/?page_id=439","title":{"rendered":"Mentions l\u00e9gales et cr\u00e9dits"},"content":{"rendered":"<p>[et_pb_section fb_built=\u00a0\u00bb1&Prime; _builder_version=\u00a0\u00bb4.27.4&Prime; _module_preset=\u00a0\u00bbdefault\u00a0\u00bb background_color=\u00a0\u00bb#e7d7c0&Prime; global_colors_info=\u00a0\u00bb{}\u00a0\u00bb][et_pb_row _builder_version=\u00a0\u00bb4.27.4&Prime; _module_preset=\u00a0\u00bbdefault\u00a0\u00bb global_colors_info=\u00a0\u00bb{}\u00a0\u00bb][et_pb_column type=\u00a0\u00bb4_4&Prime; _builder_version=\u00a0\u00bb4.27.4&Prime; _module_preset=\u00a0\u00bbdefault\u00a0\u00bb global_colors_info=\u00a0\u00bb{}\u00a0\u00bb][et_pb_text _builder_version=\u00a0\u00bb4.27.4&Prime; _module_preset=\u00a0\u00bbdefault\u00a0\u00bb text_font=\u00a0\u00bbLustria|700|||||||\u00a0\u00bb text_text_color=\u00a0\u00bb#5d151c\u00a0\u00bb text_font_size=\u00a0\u00bb50px\u00a0\u00bb text_orientation=\u00a0\u00bbcenter\u00a0\u00bb module_alignment=\u00a0\u00bbcenter\u00a0\u00bb global_colors_info=\u00a0\u00bb{}\u00a0\u00bb]<\/p>\n<p>MENTIONS LEGALES ET CREDITS<\/p>\n<p>[\/et_pb_text][\/et_pb_column][\/et_pb_row][et_pb_row _builder_version=\u00a0\u00bb4.27.4&Prime; _module_preset=\u00a0\u00bbdefault\u00a0\u00bb global_colors_info=\u00a0\u00bb{}\u00a0\u00bb][et_pb_column type=\u00a0\u00bb4_4&Prime; _builder_version=\u00a0\u00bb4.27.4&Prime; _module_preset=\u00a0\u00bbdefault\u00a0\u00bb global_colors_info=\u00a0\u00bb{}\u00a0\u00bb][et_pb_text _builder_version=\u00a0\u00bb4.27.4&Prime; _module_preset=\u00a0\u00bbdefault\u00a0\u00bb text_font=\u00a0\u00bbLustria||||||||\u00a0\u00bb text_text_color=\u00a0\u00bb#000000&Prime; text_font_size=\u00a0\u00bb17px\u00a0\u00bb global_colors_info=\u00a0\u00bb{}\u00a0\u00bb]<\/p>\n<p style=\"text-align: left;\"><span style=\"text-decoration: underline;\"><strong>Mentions l\u00e9gales<\/strong><\/span><\/p>\n<p>Nom de la boutique : Luza\u00efa<\/p>\n<p>Statut juridique : Association d\u00e9clar\u00e9e ; Loi du 1er juillet 1901<\/p>\n<p>Propri\u00e9taire \/ Responsable de la publication : Association les bijoux de Michelle&rsquo;s<\/p>\n<p>SIRET : 995 004 785 00011<\/p>\n<p>Adresse : 34C avenue de la r\u00e9publique 05100 Brian\u00e7on<\/p>\n<p>E-mail : <span class=\"oo-mail-viewer-header-recipients\" data-dojo-attach-point=\"to\" data-label=\"\u00c0\u00a0: \"><span class=\"oo-mail-viewer-header-recipient\" data-device=\"luzaiabijoux.info@orange.fr\"><span dir=\"ltr\">luzaiabijoux.info@orange.fr<\/span><\/span><\/span><\/p>\n<p><strong><\/strong><\/p>\n<p><strong><\/strong><\/p>\n<p><span style=\"text-decoration: underline;\"><strong>Cr\u00e9dits<\/strong><\/span><\/p>\n<p><em>Conception : <\/em><strong>OP Consulting<\/strong><\/p>\n<p>Adresse : 45 Avenue Saint Philippe, 06410 BIOT<\/p>\n<p>T\u00e9l\u00e9phone : 06 01 90 84 62<\/p>\n<p>&nbsp;<\/p>\n<p><em>Photos : Jade Chenal\u00a0<\/em><\/p>\n<p>Adresse : 83200 Toulon<\/p>\n<p>Mail : contat@jadechenalphoto.fr<\/p>\n<p>&nbsp;<\/p>\n<p><em>H\u00e9bergeur : <\/em><strong>Hostinger<\/strong><\/p>\n<p>&nbsp;<\/p>\n<p>[\/et_pb_text][\/et_pb_column][\/et_pb_row][\/et_pb_section]<\/p>\n","protected":false},"excerpt":{"rendered":"<p>MENTIONS LEGALES ET CREDITSMentions l\u00e9gales Nom de la boutique : Luza\u00efa Statut juridique : Association d\u00e9clar\u00e9e ; Loi du 1er juillet 1901 Propri\u00e9taire \/ Responsable de la publication : Association les bijoux de Michelle&rsquo;s SIRET : 995 004 785 00011 Adresse : 34C avenue de la r\u00e9publique 05100 Brian\u00e7on E-mail : luzaiabijoux.info@orange.fr Cr\u00e9dits Conception : [&hellip;]<\/p>\n","protected":false},"author":1,"featured_media":0,"parent":0,"menu_order":0,"comment_status":"closed","ping_status":"closed","template":"","meta":{"_et_pb_use_builder":"on","_et_pb_old_content":"","_et_gb_content_width":"","footnotes":""},"class_list":["post-439","page","type-page","status-publish","hentry"],"_links":{"self":[{"href":"https:\/\/luzaia.fr\/index.php?rest_route=\/wp\/v2\/pages\/439","targetHints":{"allow":["GET"]}}],"collection":[{"href":"https:\/\/luzaia.fr\/index.php?rest_route=\/wp\/v2\/pages"}],"about":[{"href":"https:\/\/luzaia.fr\/index.php?rest_route=\/wp\/v2\/types\/page"}],"author":[{"embeddable":true,"href":"https:\/\/luzaia.fr\/index.php?rest_route=\/wp\/v2\/users\/1"}],"replies":[{"embeddable":true,"href":"https:\/\/luzaia.fr\/index.php?rest_route=%2Fwp%2Fv2%2Fcomments&post=439"}],"version-history":[{"count":6,"href":"https:\/\/luzaia.fr\/index.php?rest_route=\/wp\/v2\/pages\/439\/revisions"}],"predecessor-version":[{"id":453,"href":"https:\/\/luzaia.fr\/index.php?rest_route=\/wp\/v2\/pages\/439\/revisions\/453"}],"wp:attachment":[{"href":"https:\/\/luzaia.fr\/index.php?rest_route=%2Fwp%2Fv2%2Fmedia&parent=439"}],"curies":[{"name":"wp","href":"https:\/\/api.w.org\/{rel}","templated":true}]}}